{"id":227,"date":"2024-02-16T20:31:22","date_gmt":"2024-02-16T19:31:22","guid":{"rendered":"https:\/\/valentindesign.hu\/?page_id=227"},"modified":"2024-04-10T19:56:31","modified_gmt":"2024-04-10T17:56:31","slug":"szolgaltatasok","status":"publish","type":"page","link":"https:\/\/valentindesign.hu\/?page_id=227","title":{"rendered":"Szolg\u00e1ltat\u00e1sok"},"content":{"rendered":"\t\t<div data-elementor-type=\"wp-page\" data-elementor-id=\"227\" class=\"elementor elementor-227\">\n\t\t\t\t<div class=\"elementor-element elementor-element-409351d e-flex e-con-boxed e-con e-parent\" data-id=\"409351d\" data-element_type=\"container\">\n\t\t\t\t\t<div class=\"e-con-inner\">\n\t\t\t\t<div class=\"elementor-element elementor-element-45817fe elementor-widget elementor-widget-heading\" data-id=\"45817fe\" data-element_type=\"widget\" data-widget_type=\"heading.default\">\n\t\t\t\t<div class=\"elementor-widget-container\">\n\t\t\t\t\t<h1 class=\"elementor-heading-title elementor-size-default\">Szolg\u00e1ltat\u00e1sok \n<\/h1>\t\t\t\t<\/div>\n\t\t\t\t<\/div>\n\t\t\t\t\t<\/div>\n\t\t\t\t<\/div>\n\t\t<div class=\"elementor-element elementor-element-dbb2d8e e-con-full e-flex e-con e-parent\" data-id=\"dbb2d8e\" data-element_type=\"container\">\n\t\t<div class=\"elementor-element elementor-element-5d50877 e-con-full e-flex e-con e-child\" data-id=\"5d50877\" data-element_type=\"container\">\n\t\t\t\t<div class=\"elementor-element elementor-element-054d43e elementor-widget elementor-widget-text-editor\" data-id=\"054d43e\" data-element_type=\"widget\" data-widget_type=\"text-editor.default\">\n\t\t\t\t<div class=\"elementor-widget-container\">\n\t\t\t\t\t\t\t\t\t<p>A <strong>lakberendez\u00e9si \u00e1rakat<\/strong> \u00e1ltal\u00e1ban az alapter\u00fclet (m2) \u00e9s a feladat bonyolults\u00e1ga hat\u00e1rozza meg.<\/p><p>A k\u00f6z\u00f6s lakberendez\u00e9si munka mindig egy szem\u00e9lyes tal\u00e1lkoz\u00f3val indul, amely sor\u00e1n felm\u00e9rem a Megrendel\u0151 egyedi c\u00e9ljait \u00e9s preferenci\u00e1it. Megvizsg\u00e1lom a kialak\u00edt\u00e1sra v\u00e1r\u00f3 lak\u00e1s adotts\u00e1gait is, majd elk\u00e9sz\u00edtem a legoptim\u00e1lisabb alaprajzi javaslatot. A Megrendel\u0151 st\u00edlus\u00e1hoz igazodva kiv\u00e1lasztjuk a hozz\u00e1 ill\u0151 sz\u00ednpalett\u00e1t, az anyagokat, a burkolatokat, a b\u00fatorokat \u00e9s a dekor\u00e1ci\u00f3t, amit ig\u00e9ny szerint egy\u00fctt be is szerz\u00fcnk. A kivitelez\u0151k sz\u00e1m\u00e1ra elk\u00e9sz\u00edtem a teljes tervdokument\u00e1ci\u00f3t, \u00edgy minden szak\u00e1g tudni fogja, pontosan mit \u00e9s hogyan szeretne a Megrendel\u0151. A munk\u00e1latok megkezd\u00e9sekor pedig szem\u00e9lyesen egyeztetek a szak\u00e1gi kivitelez\u0151kkel, \u00e9s a helysz\u00ednen ellen\u0151rz\u00f6m a bels\u0151\u00e9p\u00edt\u00e9szeti tervek megval\u00f3sul\u00e1s\u00e1t.<\/p><p>Amennyiben nincs sz\u00fcks\u00e9ged erre a teljes lakberendez\u00e9si szolg\u00e1ltat\u00e1sra, hanem csak valamely r\u00e9sz\u00e9ben szeretn\u00e9d a seg\u00edts\u00e9gemet k\u00e9rni, az al\u00e1bbiak k\u00f6z\u00fcl v\u00e1laszthatsz.<\/p><p>\u00a0<\/p><p><strong>1. Tan\u00e1csad\u00e1s\u00a0<\/strong><\/p><p>\u2022 St\u00edlus- illetve alaprajzi tan\u00e1csad\u00e1s: egy szem\u00e9lyes tal\u00e1lkoz\u00f3 sor\u00e1n megold\u00e1st keres\u00fcnk konkr\u00e9t probl\u00e9m\u00e1kra, javaslatokat adok st\u00edlus kialak\u00edt\u00e1s\u00e1hoz, optim\u00e1lis alaprajz meghat\u00e1roz\u00e1s\u00e1hoz (2 \u00f3ra\/alkalom).<\/p><p>\u2022 Alaprajzi tan\u00e1csad\u00e1s<\/p><p>\u2022 St\u00edlustan\u00e1csad\u00e1s<\/p><p>\u2022 Szolg\u00e1ltat\u00e1s d\u00edja: 30.000 Ft \/ 2 \u00f3ra<\/p><p>\u00a0<\/p><p><strong>2. St\u00edlus kialak\u00edt\u00e1sa<\/strong><\/p><p>\u2022 A megrendel\u0151 szem\u00e9lyis\u00e9g\u00e9nek \u00e9s stil\u00e1ris ig\u00e9nyeinek megismer\u00e9s\u00e9t k\u00f6vet\u0151en sz\u00ednpaletta, anyaghaszn\u00e1lat, formavil\u00e1g \u00e9s hangulat megtervez\u00e9se, st\u00edluskoncepci\u00f3 kialak\u00edt\u00e1sa \u00e9s bemutat\u00e1sa hangulatmont\u00e1zs (moodboard) seg\u00edts\u00e9g\u00e9vel a teljes lak\u00e1sra, vagy helyis\u00e9genk\u00e9nt 1-2 v\u00e1ltozatban.<\/p><p>\u2022 Szolg\u00e1ltat\u00e1s d\u00edja: 30.000 Ft \/ hangulatmont\u00e1zs.<\/p><p>\u00a0<\/p><p><strong>3. Alaprajzi tervez\u00e9s<\/strong><\/p><p>\u2022 1-3 v\u00e1zlatterv a helyis\u00e9gek \u00e9s b\u00fatorok elrendez\u00e9si lehet\u0151s\u00e9geinek bemutat\u00e1s\u00e1ra, majd<\/p><p>\u2022 a legoptim\u00e1lisabb v\u00e1ltozatra r\u00e9szletes, m\u00e9retezett berendez\u00e9si alaprajz.<\/p><p>\u2022 Szolg\u00e1ltat\u00e1s d\u00edja: 3.000 Ft-t\u00f3l \/ m2.<\/p><p>\u00a0<\/p><p><strong>4. Kivitelez\u00e9si tervdokument\u00e1ci\u00f3<\/strong><\/p><p>\u2022 Vil\u00e1g\u00edt\u00e1si-kapcsol\u00e1si terv (sz\u00fcks\u00e9g eset\u00e9n faln\u00e9zetekkel az elektromos ki\u00e1ll\u00e1sokr\u00f3l). Szolg\u00e1ltat\u00e1s d\u00edja: 1000 Ft-t\u00f3l \/ m2.<\/p><p>\u2022 Mennyezeti terv Szolg\u00e1ltat\u00e1s d\u00edja: 600 Ft-t\u00f3l \/ m2.<\/p><p>\u2022 Padl\u00f3burkol\u00e1si terv Szolg\u00e1ltat\u00e1s d\u00edja: 600 Ft-t\u00f3l \/ m2.<\/p><p>\u2022 Falburkol\u00e1si terv &#8211; konyha, f\u00fcrd\u0151szoba csemp\u00e9z\u00e9s\u00e9hez, egyedi falburkolatokhoz (faln\u00e9zetek).<\/p><p>Szolg\u00e1ltat\u00e1s d\u00edja: 10.000 Ft-t\u00f3l \/ faln\u00e9zet.<\/p><p>\u2022 Egyedi b\u00fatorok tervei (alaprajz \u00e9s faln\u00e9zetek az asztalos-kivitelez\u0151 sz\u00e1m\u00e1ra).<\/p><p>Szolg\u00e1ltat\u00e1s d\u00edja: 30.000 Ft-t\u00f3l \/ b\u00fator.<\/p><p>\u00a0<\/p><p><strong>5. L\u00e1tv\u00e1nytervez\u00e9s<\/strong><\/p><p>\u2022 Fot\u00f3realisztikus 3D l\u00e1tv\u00e1nytervek<\/p><p>&#8211; a tervezett lak\u00e1s helyis\u00e9geinek \u00e9leth\u0171 szeml\u00e9ltet\u00e9se (helyis\u00e9genk\u00e9nt 1-4 k\u00e9p). Szolg\u00e1ltat\u00e1s d\u00edja: 40.000 Ft \/ k\u00e9p.<\/p><p>\u2022 Faln\u00e9zetek (4 db sz\u00ednes faln\u00e9zet\/helyis\u00e9g, vagy ig\u00e9ny szerint, csak a kiemelt falakr\u00f3l). Szolg\u00e1ltat\u00e1s d\u00edja: 5.000 Ft-t\u00f3l \/ k\u00e9p.<\/p><p>\u00a0<\/p><p><strong>6. Bev\u00e1s\u00e1rl\u00f3lista (konszign\u00e1ci\u00f3)<\/strong><\/p><p>\u2022 T\u00e9teles lista \u00f6ssze\u00e1ll\u00edt\u00e1sa a betervezett anyagokr\u00f3l, b\u00fatorokr\u00f3l, kieg\u00e9sz\u00edt\u0151kr\u0151l, azok javasolt beszerz\u00e9si hely\u00e9r\u0151l, \u00e1r\u00e1r\u00f3l \u00e9s mennyis\u00e9g\u00e9r\u0151l.<\/p><p>\u2022 Szolg\u00e1ltat\u00e1s d\u00edja: 30.000 Ft \/ helyis\u00e9g.<\/p><p>\u00a0<\/p><p><strong>7. K\u00f6z\u00f6s v\u00e1s\u00e1rl\u00e1s (boltbej\u00e1r\u00e1s)<\/strong><\/p><p>\u2022 A betervezett term\u00e9kek k\u00f6z\u00f6s beszerz\u00e9se (2 \u00f3ra\/alkalom): o burkolatok-fest\u00e9kek o text\u00edli\u00e1k-tap\u00e9t\u00e1k<\/p><p>o b\u00fatorok (nem be\u00e9p\u00edtett)<\/p><p>o lapszab\u00e1szat (egyedi ill. be\u00e9p\u00edtett b\u00fatorok frontjai)<\/p><p>o l\u00e1mp\u00e1k-kapcsol\u00f3k<\/p><p>\u2022 Szolg\u00e1ltat\u00e1s d\u00edja: 30.000 Ft \/ alkalom (2 \u00f3ra).<\/p><p>\u00a0<\/p><p><strong>8. Kivitelez\u00e9s t\u00e1mogat\u00e1sa \/ Tervez\u0151i m\u0171vezet\u00e9s<\/strong><\/p><p>\u2022 A bels\u0151\u00e9p\u00edt\u00e9szeti tervek megval\u00f3sul\u00e1s\u00e1nak ellen\u0151rz\u00e9se a helysz\u00ednen (szak\u00e1gank\u00e9nt max. 3 alkalom javasolt: kivitelez\u00e9s megkezd\u00e9se el\u0151tt; munk\u00e1latok k\u00f6zben min. 1 alk.; \u00e1tv\u00e9telkor), kapcsolattart\u00e1s a kivitelez\u0151kkel.<\/p><p>\u2022 Szolg\u00e1ltat\u00e1s d\u00edja: 30.000 Ft \/ alkalom (1-2 \u00f3ra).<\/p>\t\t\t\t\t\t\t\t<\/div>\n\t\t\t\t<\/div>\n\t\t\t\t<\/div>\n\t\t<div class=\"elementor-element elementor-element-1d3886e e-con-full e-flex e-con e-child\" data-id=\"1d3886e\" data-element_type=\"container\">\n\t\t\t\t<div class=\"elementor-element elementor-element-dca492a elementor-widget elementor-widget-image\" data-id=\"dca492a\" data-element_type=\"widget\" data-widget_type=\"image.default\">\n\t\t\t\t<div class=\"elementor-widget-container\">\n\t\t\t\t\t\t\t\t\t\t\t\t\t\t\t<img fetchpriority=\"high\" decoding=\"async\" width=\"607\" height=\"613\" src=\"https:\/\/valentindesign.hu\/wp-content\/uploads\/2024\/02\/426221023_6831156517010743_2258275784416260941_n.jpg\" class=\"attachment-large size-large wp-image-212\" alt=\"Valentin Judit LAkberendez\u0151\" srcset=\"https:\/\/valentindesign.hu\/wp-content\/uploads\/2024\/02\/426221023_6831156517010743_2258275784416260941_n.jpg 607w, https:\/\/valentindesign.hu\/wp-content\/uploads\/2024\/02\/426221023_6831156517010743_2258275784416260941_n-297x300.jpg 297w, https:\/\/valentindesign.hu\/wp-content\/uploads\/2024\/02\/426221023_6831156517010743_2258275784416260941_n-150x150.jpg 150w\" sizes=\"(max-width: 607px) 100vw, 607px\" \/>\t\t\t\t\t\t\t\t\t\t\t\t\t\t\t<\/div>\n\t\t\t\t<\/div>\n\t\t\t\t<\/div>\n\t\t\t\t<\/div>\n\t\t<div class=\"elementor-element elementor-element-8169f65 e-con-full e-flex e-con e-parent\" data-id=\"8169f65\" data-element_type=\"container\">\n\t\t<div class=\"elementor-element elementor-element-583d1a1 e-con-full e-flex e-con e-child\" data-id=\"583d1a1\" data-element_type=\"container\">\n\t\t\t\t<div class=\"elementor-element elementor-element-dab71a5 elementor-widget elementor-widget-image\" data-id=\"dab71a5\" data-element_type=\"widget\" data-widget_type=\"image.default\">\n\t\t\t\t<div class=\"elementor-widget-container\">\n\t\t\t\t\t\t\t\t\t\t\t\t\t\t\t<img decoding=\"async\" width=\"500\" height=\"200\" src=\"https:\/\/valentindesign.hu\/wp-content\/uploads\/2024\/02\/Jucuska_logo_alairas_plus.png\" class=\"attachment-large size-large wp-image-87\" alt=\"\" srcset=\"https:\/\/valentindesign.hu\/wp-content\/uploads\/2024\/02\/Jucuska_logo_alairas_plus.png 500w, https:\/\/valentindesign.hu\/wp-content\/uploads\/2024\/02\/Jucuska_logo_alairas_plus-300x120.png 300w\" sizes=\"(max-width: 500px) 100vw, 500px\" \/>\t\t\t\t\t\t\t\t\t\t\t\t\t\t\t<\/div>\n\t\t\t\t<\/div>\n\t\t\t\t<\/div>\n\t\t<div class=\"elementor-element elementor-element-9168142 e-con-full e-flex e-con e-child\" data-id=\"9168142\" data-element_type=\"container\">\n\t\t\t\t<\/div>\n\t\t\t\t<\/div>\n\t\t<div class=\"elementor-element elementor-element-1d80bc43 e-flex e-con-boxed e-con e-parent\" data-id=\"1d80bc43\" data-element_type=\"container\">\n\t\t\t\t\t<div class=\"e-con-inner\">\n\t\t<div class=\"elementor-element elementor-element-1fc32584 e-con-full e-flex e-con e-child\" data-id=\"1fc32584\" data-element_type=\"container\">\n\t\t\t\t<div class=\"elementor-element elementor-element-2467cb02 content-align-cta-default elementor-widget elementor-widget-eael-cta-box\" data-id=\"2467cb02\" data-element_type=\"widget\" data-widget_type=\"eael-cta-box.default\">\n\t\t\t\t<div class=\"elementor-widget-container\">\n\t\t\t\t\t\t\t<div class=\"eael-call-to-action cta-basic bg-lite cta-preset-1\">\n        <h2 class=\"title eael-cta-heading\">Terveztetn\u00e9l?<\/h2><p>L\u00e9pj kapcsolatba velem!<\/p><a href=\"mailto:tervezes@valentindesign.hu\" class=\"cta-button cta-preset-1  \">Aj\u00e1nlatot k\u00e9rek<\/a>\t<\/div>\n\t\t\t\t\t\t\t\t<\/div>\n\t\t\t\t<\/div>\n\t\t\t\t<\/div>\n\t\t<div class=\"elementor-element elementor-element-48812c3 e-con-full e-flex e-con e-child\" data-id=\"48812c3\" data-element_type=\"container\">\n\t\t\t\t<div class=\"elementor-element elementor-element-3cc9a576 elementor-widget elementor-widget-image\" data-id=\"3cc9a576\" data-element_type=\"widget\" data-widget_type=\"image.default\">\n\t\t\t\t<div class=\"elementor-widget-container\">\n\t\t\t\t\t\t\t\t\t\t\t\t\t\t\t<img decoding=\"async\" width=\"800\" height=\"457\" src=\"https:\/\/valentindesign.hu\/wp-content\/uploads\/2024\/04\/Unknown-2-1024x585.webp\" class=\"attachment-large size-large wp-image-325\" alt=\"\" srcset=\"https:\/\/valentindesign.hu\/wp-content\/uploads\/2024\/04\/Unknown-2-1024x585.webp 1024w, https:\/\/valentindesign.hu\/wp-content\/uploads\/2024\/04\/Unknown-2-300x171.webp 300w, https:\/\/valentindesign.hu\/wp-content\/uploads\/2024\/04\/Unknown-2-768x439.webp 768w, https:\/\/valentindesign.hu\/wp-content\/uploads\/2024\/04\/Unknown-2.webp 1050w\" sizes=\"(max-width: 800px) 100vw, 800px\" \/>\t\t\t\t\t\t\t\t\t\t\t\t\t\t\t<\/div>\n\t\t\t\t<\/div>\n\t\t\t\t<\/div>\n\t\t\t\t\t<\/div>\n\t\t\t\t<\/div>\n\t\t\t\t<\/div>\n\t\t","protected":false},"excerpt":{"rendered":"<p>Szolg\u00e1ltat\u00e1sok A lakberendez\u00e9si \u00e1rakat \u00e1ltal\u00e1ban az alapter\u00fclet (m2) \u00e9s a feladat bonyolults\u00e1ga hat\u00e1rozza meg. A k\u00f6z\u00f6s lakberendez\u00e9si munka mindig egy szem\u00e9lyes tal\u00e1lkoz\u00f3val indul, amely sor\u00e1n felm\u00e9rem a Megrendel\u0151 egyedi c\u00e9ljait \u00e9s preferenci\u00e1it. Megvizsg\u00e1lom a kialak\u00edt\u00e1sra v\u00e1r\u00f3 lak\u00e1s adotts\u00e1gait is, majd elk\u00e9sz\u00edtem a legoptim\u00e1lisabb alaprajzi javaslatot. A Megrendel\u0151 st\u00edlus\u00e1hoz igazodva kiv\u00e1lasztjuk a hozz\u00e1 ill\u0151 sz\u00ednpalett\u00e1t, az [&hellip;]<\/p>\n","protected":false},"author":1,"featured_media":0,"parent":0,"menu_order":0,"comment_status":"closed","ping_status":"closed","template":"","meta":{"footnotes":""},"class_list":["post-227","page","type-page","status-publish","hentry"],"_links":{"self":[{"href":"https:\/\/valentindesign.hu\/index.php?rest_route=\/wp\/v2\/pages\/227","targetHints":{"allow":["GET"]}}],"collection":[{"href":"https:\/\/valentindesign.hu\/index.php?rest_route=\/wp\/v2\/pages"}],"about":[{"href":"https:\/\/valentindesign.hu\/index.php?rest_route=\/wp\/v2\/types\/page"}],"author":[{"embeddable":true,"href":"https:\/\/valentindesign.hu\/index.php?rest_route=\/wp\/v2\/users\/1"}],"replies":[{"embeddable":true,"href":"https:\/\/valentindesign.hu\/index.php?rest_route=%2Fwp%2Fv2%2Fcomments&post=227"}],"version-history":[{"count":37,"href":"https:\/\/valentindesign.hu\/index.php?rest_route=\/wp\/v2\/pages\/227\/revisions"}],"predecessor-version":[{"id":331,"href":"https:\/\/valentindesign.hu\/index.php?rest_route=\/wp\/v2\/pages\/227\/revisions\/331"}],"wp:attachment":[{"href":"https:\/\/valentindesign.hu\/index.php?rest_route=%2Fwp%2Fv2%2Fmedia&parent=227"}],"curies":[{"name":"wp","href":"https:\/\/api.w.org\/{rel}","templated":true}]}}